{"id":226,"date":"2023-08-28T03:02:20","date_gmt":"2023-08-28T03:02:20","guid":{"rendered":"https:\/\/elidasandoval.com\/?page_id=226"},"modified":"2023-10-24T02:37:17","modified_gmt":"2023-10-24T02:37:17","slug":"sobre-elida-sandoval","status":"publish","type":"page","link":"https:\/\/elidasandoval.com\/index.php\/sobre-elida-sandoval\/","title":{"rendered":"Sobre Elida Sandoval"},"content":{"rendered":"<p>[et_pb_section fb_built=\u00bb1&#8243; fullwidth=\u00bbon\u00bb _builder_version=\u00bb4.22.2&#8243; _module_preset=\u00bbdefault\u00bb background_image=\u00bbhttps:\/\/elidasandoval.com\/wp-content\/uploads\/2023\/09\/Edit-cabecera05-azul-jpg.webp\u00bb parallax=\u00bbon\u00bb parallax_method=\u00bboff\u00bb custom_margin=\u00bb||||false|false\u00bb custom_padding=\u00bb||||false|false\u00bb global_colors_info=\u00bb{}\u00bb][et_pb_fullwidth_slider _builder_version=\u00bb4.22.2&#8243; _module_preset=\u00bbdefault\u00bb background_color=\u00bbRGBA(255,255,255,0)\u00bb custom_padding=\u00bb||0px|||\u00bb global_colors_info=\u00bb{}\u00bb][et_pb_slide heading=\u00bbConoce m\u00e1s\u00bb _builder_version=\u00bb4.22.2&#8243; _module_preset=\u00bbdefault\u00bb header_font=\u00bbUnna|700|||||||\u00bb header_text_color=\u00bb#000000&#8243; header_font_size=\u00bb93px\u00bb body_font=\u00bbSmooch||||||||\u00bb body_text_color=\u00bb#000000&#8243; body_font_size=\u00bb81px\u00bb global_colors_info=\u00bb{}\u00bb sticky_transition=\u00bbon\u00bb]<\/p>\n<p>sobre m\u00ed<\/p>\n<p>&nbsp;<\/p>\n<p>&nbsp;<\/p>\n<p>&nbsp;<\/p>\n<p>[\/et_pb_slide][\/et_pb_fullwidth_slider][\/et_pb_section][et_pb_section fb_built=\u00bb1&#8243; _builder_version=\u00bb4.22.1&#8243; _module_preset=\u00bbdefault\u00bb custom_padding=\u00bb8px||0px|||\u00bb global_colors_info=\u00bb{}\u00bb][et_pb_row _builder_version=\u00bb4.22.1&#8243; _module_preset=\u00bbdefault\u00bb global_colors_info=\u00bb{}\u00bb][et_pb_column type=\u00bb4_4&#8243; _builder_version=\u00bb4.22.1&#8243; _module_preset=\u00bbdefault\u00bb global_colors_info=\u00bb{}\u00bb][et_pb_text _builder_version=\u00bb4.22.1&#8243; _module_preset=\u00bbdefault\u00bb header_3_font=\u00bbUnna|700|||||||\u00bb header_3_font_size=\u00bb73px\u00bb scroll_horizontal_motion_enable=\u00bbon\u00bb global_colors_info=\u00bb{}\u00bb]<\/p>\n<h3>Hola<\/h3>\n<p>[\/et_pb_text][\/et_pb_column][\/et_pb_row][et_pb_row _builder_version=\u00bb4.22.1&#8243; _module_preset=\u00bbdefault\u00bb global_colors_info=\u00bb{}\u00bb][et_pb_column type=\u00bb4_4&#8243; _builder_version=\u00bb4.22.1&#8243; _module_preset=\u00bbdefault\u00bb global_colors_info=\u00bb{}\u00bb][dvmd_simple_heading content_heading=\u00bbBienvenidos a este espacio \u00bb content_subheading=\u00bbpara conocer m\u00e1s de las cosas que me inspiran, mi vocaci\u00f3n y mi trayectoria profesional\u00bb _builder_version=\u00bb4.22.1&#8243; _module_preset=\u00bbdefault\u00bb heading_fonts_font=\u00bbArchivo||||||||\u00bb heading_fonts_font_size=\u00bb46px\u00bb subheading_fonts_font=\u00bbUnna||||||||\u00bb subheading_fonts_font_size=\u00bb29px\u00bb global_colors_info=\u00bb{}\u00bb][\/dvmd_simple_heading][\/et_pb_column][\/et_pb_row][\/et_pb_section][et_pb_section fb_built=\u00bb1&#8243; _builder_version=\u00bb4.22.2&#8243; _module_preset=\u00bbdefault\u00bb background_image=\u00bbhttps:\/\/elidasandoval.com\/wp-content\/uploads\/2023\/10\/IMG_20231008_174519_066-removebg-preview.png\u00bb background_size=\u00bbcontain\u00bb background_position=\u00bbtop_left\u00bb background_horizontal_offset=\u00bb-9%\u00bb animation_style=\u00bbzoom\u00bb global_colors_info=\u00bb{}\u00bb][et_pb_row column_structure=\u00bb1_3,2_3&#8243; _builder_version=\u00bb4.22.1&#8243; _module_preset=\u00bbdefault\u00bb global_colors_info=\u00bb{}\u00bb][et_pb_column type=\u00bb1_3&#8243; _builder_version=\u00bb4.22.1&#8243; _module_preset=\u00bbdefault\u00bb global_colors_info=\u00bb{}\u00bb][\/et_pb_column][et_pb_column type=\u00bb2_3&#8243; _builder_version=\u00bb4.22.1&#8243; _module_preset=\u00bbdefault\u00bb global_colors_info=\u00bb{}\u00bb][et_pb_text _builder_version=\u00bb4.22.2&#8243; _module_preset=\u00bbdefault\u00bb text_font=\u00bbUnna||||||||\u00bb text_font_size=\u00bb18px\u00bb header_3_font=\u00bbUnna|700|||||||\u00bb header_3_line_height=\u00bb1.1em\u00bb custom_margin=\u00bb||-19px|||\u00bb custom_margin_tablet=\u00bb||-19px|||\u00bb custom_margin_phone=\u00bb202px||||false|false\u00bb custom_margin_last_edited=\u00bbon|phone\u00bb global_colors_info=\u00bb{}\u00bb]<\/p>\n<h3>Ya sabes que mi nombre es Elida Sandoval, la misma que est\u00e1s viendo en la foto y no tiene ning\u00fan apodo, t\u00fa puedes llamarme Elida. Ah, dato importante: mi nombre deber\u00eda tener acento en la letra E, pero en mi \u00e9poca las may\u00fasculas no se acentuaban, pero me har\u00e1s muy feliz si al pronunciarlo pones fuerza en la letra E. \u00a1Cuento con eso!<\/h3>\n<p>En la vida he estado rodeada de pocos, pero valiosos amigos, con ellos he experimentado que la familia que elegimos, sana. Palabra clave en mi vida: Reconstrucci\u00f3n. Desde hace algo m\u00e1s de 10 a\u00f1os la vivo de manera consciente e intencionada, gracias a importantes desaf\u00edos que me ha tocado vivir.<\/p>\n<p>[\/et_pb_text][\/et_pb_column][\/et_pb_row][\/et_pb_section][et_pb_section fb_built=\u00bb1&#8243; disabled_on=\u00bboff|off|off\u00bb _builder_version=\u00bb4.22.2&#8243; _module_preset=\u00bbdefault\u00bb background_enable_image=\u00bboff\u00bb background_position=\u00bbcenter_right\u00bb custom_padding=\u00bb21px||7px|||\u00bb global_colors_info=\u00bb{}\u00bb][et_pb_row column_structure=\u00bb1_3,1_3,1_3&#8243; _builder_version=\u00bb4.22.2&#8243; _module_preset=\u00bbdefault\u00bb custom_margin=\u00bb-63px|auto||auto||\u00bb custom_padding=\u00bb||1px|||\u00bb global_colors_info=\u00bb{}\u00bb][et_pb_column type=\u00bb1_3&#8243; _builder_version=\u00bb4.22.1&#8243; _module_preset=\u00bbdefault\u00bb global_colors_info=\u00bb{}\u00bb][\/et_pb_column][et_pb_column type=\u00bb1_3&#8243; _builder_version=\u00bb4.22.1&#8243; _module_preset=\u00bbdefault\u00bb global_colors_info=\u00bb{}\u00bb][et_pb_text _builder_version=\u00bb4.22.1&#8243; _module_preset=\u00bbdefault\u00bb text_font=\u00bbUnna||||||||\u00bb text_font_size=\u00bb18px\u00bb global_colors_info=\u00bb{}\u00bb]<\/p>\n<p>Me da mucha risa la gente que dice que te muestres como eres, y al mismo tiempo bombardea con numerosas recetas poderosas. \u00a1Qu\u00e9 incongruentes! \u00bfNo? Es lo que pienso, pero despu\u00e9s estallo en risas, pero de m\u00ed misma, porque esas personas, simplemente me est\u00e1n llamando a desconectarme del ruido exterior. \u00a1Un mandato directo a volver al centro!<\/p>\n<p>&nbsp;<\/p>\n<p>[\/et_pb_text][\/et_pb_column][et_pb_column type=\u00bb1_3&#8243; _builder_version=\u00bb4.22.1&#8243; _module_preset=\u00bbdefault\u00bb global_colors_info=\u00bb{}\u00bb][et_pb_text _builder_version=\u00bb4.22.1&#8243; _module_preset=\u00bbdefault\u00bb text_font=\u00bbUnna||||||||\u00bb text_font_size=\u00bb18px\u00bb global_colors_info=\u00bb{}\u00bb]<\/p>\n<p>En medio de estas contradicciones el crecimiento es el camino, que en varias oportunidades me ha llevado a desmontar estereotipos y a usar mis propios recursos, y, por supuesto, me he salvado de pasar a la fila de los rebeldes sin causa.<\/p>\n<p>[\/et_pb_text][\/et_pb_column][\/et_pb_row][et_pb_row column_structure=\u00bb3_5,2_5&#8243; _builder_version=\u00bb4.22.2&#8243; _module_preset=\u00bbdefault\u00bb custom_margin_tablet=\u00bb\u00bb custom_margin_phone=\u00bb12px||||false|false\u00bb custom_margin_last_edited=\u00bbon|phone\u00bb global_colors_info=\u00bb{}\u00bb][et_pb_column type=\u00bb3_5&#8243; _builder_version=\u00bb4.22.1&#8243; _module_preset=\u00bbdefault\u00bb global_colors_info=\u00bb{}\u00bb][et_pb_text _builder_version=\u00bb4.22.2&#8243; _module_preset=\u00bbdefault\u00bb text_font=\u00bbUnna||||||||\u00bb text_font_size=\u00bb18px\u00bb header_6_font=\u00bb||on||on||||\u00bb header_6_font_size=\u00bb25px\u00bb custom_margin_tablet=\u00bb\u00bb custom_margin_phone=\u00bb83px||||false|false\u00bb custom_margin_last_edited=\u00bbon|phone\u00bb global_colors_info=\u00bb{}\u00bb]<\/p>\n<blockquote>\n<p>Vamos a estar claros, si decidimos ser rebeldes que sea con argumento, y no para presumir, sino para estar en paz con nosotros mismos y no andar buscando aprobaci\u00f3n. Estoy convencida de que el crecimiento personal tiene un punto de partida pero no una parada final, nos montamos en el tren y nos entregamos a la evoluci\u00f3n.<\/p>\n<p>Me he rodeado de profesionales aut\u00e9nticos que me han ayudado a aceptarme, descubrir los talentos y a integrar las facetas que no me gustan de m\u00ed.<\/p>\n<p>Un ejemplo de ellas ha sido la resistencia a la exposici\u00f3n p\u00fablica, amo la privacidad, las conversaciones \u00edntimas, pero estoy clara de que un negocio digital amerita estar presente, esta certeza me ha impulsado a crear una bonita comunidad con la que me siento en confianza y me motiva a seguir creciendo.<\/p>\n<\/blockquote>\n<p>&nbsp;<\/p>\n<h6>Espero que t\u00fa hayas llegado para quedarte.<\/h6>\n<p>[\/et_pb_text][\/et_pb_column][et_pb_column type=\u00bb2_5&#8243; _builder_version=\u00bb4.22.1&#8243; _module_preset=\u00bbdefault\u00bb global_colors_info=\u00bb{}\u00bb][et_pb_image src=\u00bbhttps:\/\/elidasandoval.com\/wp-content\/uploads\/2023\/10\/elida-abraza-su-mundo-interior.png\u00bb title_text=\u00bbelida-abraza-su-mundo-interior\u00bb align=\u00bbcenter\u00bb src_tablet=\u00bbhttps:\/\/elidasandoval.com\/wp-content\/uploads\/2023\/10\/elida-abraza-su-mundo-interior.png\u00bb src_phone=\u00bbhttps:\/\/elidasandoval.com\/wp-content\/uploads\/2023\/10\/elida-abraza-su-mundo-interior.png\u00bb src_last_edited=\u00bbon|desktop\u00bb disabled_on=\u00bboff|off|off\u00bb _builder_version=\u00bb4.22.2&#8243; _module_preset=\u00bbdefault\u00bb transform_scale=\u00bb174%|174%\u00bb custom_margin_tablet=\u00bb\u00bb custom_margin_phone=\u00bb96px||20px||false|false\u00bb custom_margin_last_edited=\u00bbon|phone\u00bb global_colors_info=\u00bb{}\u00bb][\/et_pb_image][\/et_pb_column][\/et_pb_row][\/et_pb_section][et_pb_section fb_built=\u00bb1&#8243; _builder_version=\u00bb4.22.1&#8243; _module_preset=\u00bbdefault\u00bb custom_padding=\u00bb19px||12px|||\u00bb global_colors_info=\u00bb{}\u00bb][et_pb_row _builder_version=\u00bb4.22.1&#8243; _module_preset=\u00bbdefault\u00bb custom_padding=\u00bb||12px|||\u00bb global_colors_info=\u00bb{}\u00bb][et_pb_column type=\u00bb4_4&#8243; _builder_version=\u00bb4.22.1&#8243; _module_preset=\u00bbdefault\u00bb global_colors_info=\u00bb{}\u00bb][dvmd_simple_heading content_heading=\u00bbMi trayectoria profesional\u00bb content_show_rule=\u00bboff\u00bb content_swap_headings=\u00bbon\u00bb _builder_version=\u00bb4.22.2&#8243; _module_preset=\u00bbdefault\u00bb heading_fonts_font=\u00bbUnna|700|||||||\u00bb heading_fonts_font_size=\u00bb55px\u00bb heading_fonts_font_size_tablet=\u00bb55px\u00bb heading_fonts_font_size_phone=\u00bb42px\u00bb heading_fonts_font_size_last_edited=\u00bbon|phone\u00bb global_colors_info=\u00bb{}\u00bb][\/dvmd_simple_heading][\/et_pb_column][\/et_pb_row][\/et_pb_section][et_pb_section fb_built=\u00bb1&#8243; specialty=\u00bbon\u00bb _builder_version=\u00bb4.22.1&#8243; _module_preset=\u00bbdefault\u00bb custom_padding=\u00bb23px|||||\u00bb global_colors_info=\u00bb{}\u00bb][et_pb_column type=\u00bb1_2&#8243; specialty_columns=\u00bb2&#8243; _builder_version=\u00bb4.16&#8243; custom_padding=\u00bb|||\u00bb global_colors_info=\u00bb{}\u00bb custom_padding__hover=\u00bb|||\u00bb][et_pb_row_inner _builder_version=\u00bb4.22.1&#8243; _module_preset=\u00bbdefault\u00bb global_colors_info=\u00bb{}\u00bb][et_pb_column_inner saved_specialty_column_type=\u00bb1_2&#8243; _builder_version=\u00bb4.22.1&#8243; _module_preset=\u00bbdefault\u00bb global_colors_info=\u00bb{}\u00bb][et_pb_text _builder_version=\u00bb4.22.1&#8243; _module_preset=\u00bbdefault\u00bb text_font=\u00bbUnna||||||||\u00bb text_font_size=\u00bb18px\u00bb header_3_line_height=\u00bb1.3em\u00bb global_colors_info=\u00bb{}\u00bb]<\/p>\n<h3>Desde hace 5 a\u00f1os, he estado enfocada con los recursos disponibles en el fascinante mundo digital, lo cual me ha llevado a especializarme en creaci\u00f3n de contenido, marketing editorial y Marca Personal para Autores. Al principio, mi vida era como la de un saltamontes, perdida en medio de la vor\u00e1gine tecnol\u00f3gica.<\/h3>\n<p>Como inmigrante digital, me resultaba abrumador, pero he aprendido a hacerme un lugar sin que sea necesario dejarme arrastrar por las tendencias.<\/p>\n<p>[\/et_pb_text][et_pb_text _builder_version=\u00bb4.22.1&#8243; _module_preset=\u00bbdefault\u00bb text_font=\u00bbUnna||||||||\u00bb text_font_size=\u00bb18px\u00bb global_colors_info=\u00bb{}\u00bb]<\/p>\n<p>Mis servicios tienen la huella de mis experiencias y conocimientos en educaci\u00f3n y psicolog\u00eda. De esta manera, garantizo una relaci\u00f3n que conserve la esencia humana en cada una de las etapas del recorrido.<\/p>\n<p>No quiero abrumarte con todos los detalles de mi trayectoria profesional, pero creo que es importante que conozcas la formaci\u00f3n de la persona con la que deseas trabajar, as\u00ed puedes estar seguro de que soy la profesional adecuada para acompa\u00f1arte.<\/p>\n<p>[\/et_pb_text][\/et_pb_column_inner][\/et_pb_row_inner][\/et_pb_column][et_pb_column type=\u00bb1_2&#8243; _builder_version=\u00bb4.16&#8243; custom_padding=\u00bb|||\u00bb global_colors_info=\u00bb{}\u00bb custom_padding__hover=\u00bb|||\u00bb][et_pb_image src=\u00bbhttps:\/\/elidasandoval.com\/wp-content\/uploads\/2023\/10\/IMG_20231008_174503_212-scaled.webp\u00bb alt=\u00bbtrayectoria de elida sandoval\u00bb title_text=\u00bbIMG_20231008_174503_212&#8243; _builder_version=\u00bb4.22.2&#8243; _module_preset=\u00bbdefault\u00bb animation_style=\u00bbfade\u00bb global_colors_info=\u00bb{}\u00bb][\/et_pb_image][\/et_pb_column][\/et_pb_section][et_pb_section fb_built=\u00bb1&#8243; _builder_version=\u00bb4.22.1&#8243; _module_preset=\u00bbdefault\u00bb global_colors_info=\u00bb{}\u00bb][et_pb_row _builder_version=\u00bb4.22.1&#8243; _module_preset=\u00bbdefault\u00bb global_colors_info=\u00bb{}\u00bb][et_pb_column type=\u00bb4_4&#8243; _builder_version=\u00bb4.22.1&#8243; _module_preset=\u00bbdefault\u00bb global_colors_info=\u00bb{}\u00bb][ba_gradient_heading title=\u00bbSi deseas obtener m\u00e1s informaci\u00f3n sobre mi perfil profesional,  <br \/> acomp\u00e1\u00f1ame.\u00bb primary_color=\u00bb#17319b\u00bb secondary_color=\u00bb#65a4bc\u00bb _builder_version=\u00bb4.22.1&#8243; _module_preset=\u00bbdefault\u00bb title_font_size_tablet=\u00bb\u00bb title_font_size_phone=\u00bb39px\u00bb title_font_size_last_edited=\u00bbon|phone\u00bb global_colors_info=\u00bb{}\u00bb][\/ba_gradient_heading][et_pb_button button_url=\u00bbhttps:\/\/elidasandoval.com\/index.php\/escritura-terapeutica\/\u00bb button_text=\u00bbIr a la secci\u00f3n del blog\u00bb _builder_version=\u00bb4.22.2&#8243; _module_preset=\u00bbdefault\u00bb custom_button=\u00bbon\u00bb button_text_color=\u00bb#ffffff\u00bb button_bg_color=\u00bb#000000&#8243; hover_enabled=\u00bb0&#8243; global_colors_info=\u00bb{}\u00bb sticky_enabled=\u00bb0&#8243;][\/et_pb_button][\/et_pb_column][\/et_pb_row][\/et_pb_section]<\/p>\n","protected":false},"excerpt":{"rendered":"<p>sobre m\u00ed &nbsp; &nbsp; &nbsp;Hola<div class=\"et_pb_module dvmd_simple_heading dvmd_simple_heading_0 dvmd_sh_version_3_0_0\">\n\t\t\t\t\n\t\t\t\t\n\t\t\t\t\n\t\t\t\t\n\t\t\t\t\n\t\t\t\t\n\t\t\t\t<div class=\"et_pb_module_inner\">\n\t\t\t\t\t<h2 class=\"dvmd_simple_heading_heading\">Bienvenidos a este espacio <\/h2><div class=\"dvmd_simple_heading_spacing\"><span class=\"dvmd_simple_heading_rule\"><\/span><\/div><h4 class=\"dvmd_simple_heading_subheading\">para conocer m\u00e1s de las cosas que me inspiran, mi vocaci\u00f3n y mi trayectoria profesional<\/h4>\n\t\t\t\t<\/div>\n\t\t\t<\/div>Ya sabes que mi nombre es Elida Sandoval, la misma que est\u00e1s viendo en la foto y no tiene ning\u00fan apodo, t\u00fa puedes llamarme [&hellip;]<\/p>\n","protected":false},"author":2,"featured_media":0,"parent":0,"menu_order":0,"comment_status":"closed","ping_status":"closed","template":"","meta":{"_et_pb_use_builder":"on","_et_pb_old_content":"","_et_gb_content_width":"","_joinchat":[],"footnotes":""},"class_list":["post-226","page","type-page","status-publish","hentry"],"yoast_head":"<!-- This site is optimized with the Yoast SEO plugin v27.2 - https:\/\/yoast.com\/product\/yoast-seo-wordpress\/ -->\n<title>Psicologo en l\u00ednea trayectoria profesional<\/title>\n<meta name=\"description\" content=\"Descubre c\u00f3mo la terapia psicol\u00f3gica puede mejorar tu vida. \u00a1Comienza tu viaje hacia el bienestar hoy mismo!\" \/>\n<meta name=\"robots\" content=\"index, follow, max-snippet:-1, max-image-preview:large, max-video-preview:-1\" \/>\n<link rel=\"canonical\" href=\"https:\/\/elidasandoval.com\/index.php\/sobre-elida-sandoval\/\" \/>\n<meta property=\"og:locale\" content=\"es_ES\" \/>\n<meta property=\"og:type\" content=\"article\" \/>\n<meta property=\"og:title\" content=\"Psicologo en l\u00ednea trayectoria profesional\" \/>\n<meta property=\"og:description\" content=\"Descubre c\u00f3mo la terapia psicol\u00f3gica puede mejorar tu vida. \u00a1Comienza tu viaje hacia el bienestar hoy mismo!\" \/>\n<meta property=\"og:url\" content=\"https:\/\/elidasandoval.com\/index.php\/sobre-elida-sandoval\/\" \/>\n<meta property=\"og:site_name\" content=\"Elida Sandoval\" \/>\n<meta property=\"article:modified_time\" content=\"2023-10-24T02:37:17+00:00\" \/>\n<meta name=\"twitter:card\" content=\"summary_large_image\" \/>\n<meta name=\"twitter:label1\" content=\"Tiempo de lectura\" \/>\n\t<meta name=\"twitter:data1\" content=\"3 minutos\" \/>\n<script type=\"application\/ld+json\" class=\"yoast-schema-graph\">{\"@context\":\"https:\/\/schema.org\",\"@graph\":[{\"@type\":\"WebPage\",\"@id\":\"https:\/\/elidasandoval.com\/index.php\/sobre-elida-sandoval\/\",\"url\":\"https:\/\/elidasandoval.com\/index.php\/sobre-elida-sandoval\/\",\"name\":\"Psicologo en l\u00ednea trayectoria profesional\",\"isPartOf\":{\"@id\":\"https:\/\/elidasandoval.com\/#website\"},\"datePublished\":\"2023-08-28T03:02:20+00:00\",\"dateModified\":\"2023-10-24T02:37:17+00:00\",\"description\":\"Descubre c\u00f3mo la terapia psicol\u00f3gica puede mejorar tu vida. \u00a1Comienza tu viaje hacia el bienestar hoy mismo!\",\"breadcrumb\":{\"@id\":\"https:\/\/elidasandoval.com\/index.php\/sobre-elida-sandoval\/#breadcrumb\"},\"inLanguage\":\"es\",\"potentialAction\":[{\"@type\":\"ReadAction\",\"target\":[\"https:\/\/elidasandoval.com\/index.php\/sobre-elida-sandoval\/\"]}]},{\"@type\":\"BreadcrumbList\",\"@id\":\"https:\/\/elidasandoval.com\/index.php\/sobre-elida-sandoval\/#breadcrumb\",\"itemListElement\":[{\"@type\":\"ListItem\",\"position\":1,\"name\":\"Portada\",\"item\":\"https:\/\/elidasandoval.com\/\"},{\"@type\":\"ListItem\",\"position\":2,\"name\":\"Sobre Elida Sandoval\"}]},{\"@type\":\"WebSite\",\"@id\":\"https:\/\/elidasandoval.com\/#website\",\"url\":\"https:\/\/elidasandoval.com\/\",\"name\":\"Elida Sandoval\",\"description\":\"Si eres un profesional y emprendedor del \u00e1rea del bienestar un libro es tu mejor carta de presentaci\u00f3n y la auto publicaci\u00f3n es la opci\u00f3n indicada.\",\"potentialAction\":[{\"@type\":\"SearchAction\",\"target\":{\"@type\":\"EntryPoint\",\"urlTemplate\":\"https:\/\/elidasandoval.com\/?s={search_term_string}\"},\"query-input\":{\"@type\":\"PropertyValueSpecification\",\"valueRequired\":true,\"valueName\":\"search_term_string\"}}],\"inLanguage\":\"es\"}]}<\/script>\n<!-- \/ Yoast SEO plugin. -->","yoast_head_json":{"title":"Psicologo en l\u00ednea trayectoria profesional","description":"Descubre c\u00f3mo la terapia psicol\u00f3gica puede mejorar tu vida. \u00a1Comienza tu viaje hacia el bienestar hoy mismo!","robots":{"index":"index","follow":"follow","max-snippet":"max-snippet:-1","max-image-preview":"max-image-preview:large","max-video-preview":"max-video-preview:-1"},"canonical":"https:\/\/elidasandoval.com\/index.php\/sobre-elida-sandoval\/","og_locale":"es_ES","og_type":"article","og_title":"Psicologo en l\u00ednea trayectoria profesional","og_description":"Descubre c\u00f3mo la terapia psicol\u00f3gica puede mejorar tu vida. \u00a1Comienza tu viaje hacia el bienestar hoy mismo!","og_url":"https:\/\/elidasandoval.com\/index.php\/sobre-elida-sandoval\/","og_site_name":"Elida Sandoval","article_modified_time":"2023-10-24T02:37:17+00:00","twitter_card":"summary_large_image","twitter_misc":{"Tiempo de lectura":"3 minutos"},"schema":{"@context":"https:\/\/schema.org","@graph":[{"@type":"WebPage","@id":"https:\/\/elidasandoval.com\/index.php\/sobre-elida-sandoval\/","url":"https:\/\/elidasandoval.com\/index.php\/sobre-elida-sandoval\/","name":"Psicologo en l\u00ednea trayectoria profesional","isPartOf":{"@id":"https:\/\/elidasandoval.com\/#website"},"datePublished":"2023-08-28T03:02:20+00:00","dateModified":"2023-10-24T02:37:17+00:00","description":"Descubre c\u00f3mo la terapia psicol\u00f3gica puede mejorar tu vida. \u00a1Comienza tu viaje hacia el bienestar hoy mismo!","breadcrumb":{"@id":"https:\/\/elidasandoval.com\/index.php\/sobre-elida-sandoval\/#breadcrumb"},"inLanguage":"es","potentialAction":[{"@type":"ReadAction","target":["https:\/\/elidasandoval.com\/index.php\/sobre-elida-sandoval\/"]}]},{"@type":"BreadcrumbList","@id":"https:\/\/elidasandoval.com\/index.php\/sobre-elida-sandoval\/#breadcrumb","itemListElement":[{"@type":"ListItem","position":1,"name":"Portada","item":"https:\/\/elidasandoval.com\/"},{"@type":"ListItem","position":2,"name":"Sobre Elida Sandoval"}]},{"@type":"WebSite","@id":"https:\/\/elidasandoval.com\/#website","url":"https:\/\/elidasandoval.com\/","name":"Elida Sandoval","description":"Si eres un profesional y emprendedor del \u00e1rea del bienestar un libro es tu mejor carta de presentaci\u00f3n y la auto publicaci\u00f3n es la opci\u00f3n indicada.","potentialAction":[{"@type":"SearchAction","target":{"@type":"EntryPoint","urlTemplate":"https:\/\/elidasandoval.com\/?s={search_term_string}"},"query-input":{"@type":"PropertyValueSpecification","valueRequired":true,"valueName":"search_term_string"}}],"inLanguage":"es"}]}},"jetpack_sharing_enabled":true,"_links":{"self":[{"href":"https:\/\/elidasandoval.com\/index.php\/wp-json\/wp\/v2\/pages\/226","targetHints":{"allow":["GET"]}}],"collection":[{"href":"https:\/\/elidasandoval.com\/index.php\/wp-json\/wp\/v2\/pages"}],"about":[{"href":"https:\/\/elidasandoval.com\/index.php\/wp-json\/wp\/v2\/types\/page"}],"author":[{"embeddable":true,"href":"https:\/\/elidasandoval.com\/index.php\/wp-json\/wp\/v2\/users\/2"}],"replies":[{"embeddable":true,"href":"https:\/\/elidasandoval.com\/index.php\/wp-json\/wp\/v2\/comments?post=226"}],"version-history":[{"count":47,"href":"https:\/\/elidasandoval.com\/index.php\/wp-json\/wp\/v2\/pages\/226\/revisions"}],"predecessor-version":[{"id":689,"href":"https:\/\/elidasandoval.com\/index.php\/wp-json\/wp\/v2\/pages\/226\/revisions\/689"}],"wp:attachment":[{"href":"https:\/\/elidasandoval.com\/index.php\/wp-json\/wp\/v2\/media?parent=226"}],"curies":[{"name":"wp","href":"https:\/\/api.w.org\/{rel}","templated":true}]}}