{"id":210,"date":"2023-09-07T02:45:27","date_gmt":"2023-09-07T02:45:27","guid":{"rendered":"https:\/\/elidasandoval.com\/?page_id=210"},"modified":"2023-10-20T15:52:29","modified_gmt":"2023-10-20T15:52:29","slug":"escritura-terapeutica","status":"publish","type":"page","link":"https:\/\/elidasandoval.com\/index.php\/escritura-terapeutica\/","title":{"rendered":"Blog de Elida"},"content":{"rendered":"<p>[et_pb_section fb_built=\u00bb1&#8243; admin_label=\u00bbHeader\u00bb _builder_version=\u00bb4.19.2&#8243; _module_preset=\u00bbdefault\u00bb overflow-x=\u00bbhidden\u00bb overflow-y=\u00bbhidden\u00bb custom_padding=\u00bb||0px||false|false\u00bb collapsed=\u00bbon\u00bb global_colors_info=\u00bb{}\u00bb][et_pb_row column_structure=\u00bb1_2,1_2&#8243; _builder_version=\u00bb4.19.0&#8243; _module_preset=\u00bbdefault\u00bb global_colors_info=\u00bb{}\u00bb][et_pb_column type=\u00bb1_2&#8243; _builder_version=\u00bb4.19.0&#8243; _module_preset=\u00bbdefault\u00bb custom_padding_tablet=\u00bb||30px||false|false\u00bb custom_padding_phone=\u00bb||30px||false|false\u00bb custom_padding_last_edited=\u00bbon|tablet\u00bb global_colors_info=\u00bb{}\u00bb][et_pb_text _builder_version=\u00bb4.22.2&#8243; _module_preset=\u00bb503194ed-8d7c-471a-b3d1-59d6c1361efa\u00bb header_font_size=\u00bb58px\u00bb custom_margin=\u00bb||10px||false|false\u00bb global_colors_info=\u00bb{}\u00bb]<\/p>\n<h1><b>Reescribir tu historia es posible<\/b><\/h1>\n<p>[\/et_pb_text][et_pb_text _builder_version=\u00bb4.22.2&#8243; _module_preset=\u00bb1faa5eb8-8d4f-43a1-bd9e-20664bbaf5db\u00bb global_colors_info=\u00bb{}\u00bb]<\/p>\n<p><b>Este espacio est\u00e1 destinado a brindarte recursos que puedes usar como gu\u00eda en tu proceso de crecimiento; no existen recetas m\u00e1gicas ni f\u00f3rmulas infalibles, pero hay herramientas que han usado otros y les han funcionado.<\/b><\/p>\n<p>Que tal si les das un vistazo y pruebas a ver si se adaptan a ti.<\/p>\n<p>Los art\u00edculos son producto de mis investigaciones, experiencia personal y profesional en el acompa\u00f1amiento a otros.<\/p>\n<p>[\/et_pb_text][et_pb_button button_text=\u00bbservicios\u00bb _builder_version=\u00bb4.22.2&#8243; _module_preset=\u00bbdefault\u00bb custom_button=\u00bbon\u00bb button_text_color=\u00bb#ffffff\u00bb button_bg_color=\u00bb#000000&#8243; button_border_radius=\u00bb8px\u00bb hover_enabled=\u00bb0&#8243; global_colors_info=\u00bb{}\u00bb button_url=\u00bbhttps:\/\/elidasandoval.com\/index.php\/servicios-editoriales-de-escritura-terapeutica\/\u00bb sticky_enabled=\u00bb0&#8243;][\/et_pb_button][\/et_pb_column][et_pb_column type=\u00bb1_2&#8243; _builder_version=\u00bb4.18.1&#8243; _module_preset=\u00bbdefault\u00bb background_size=\u00bbcontain\u00bb global_colors_info=\u00bb{}\u00bb][et_pb_image src=\u00bbhttps:\/\/elidasandoval.com\/wp-content\/uploads\/2023\/09\/tableta-son-sombra.png\u00bb alt=\u00bblibro vivencias\u00bb title_text=\u00bbautora Elida sandoval\u00bb _builder_version=\u00bb4.22.2&#8243; _module_preset=\u00bbdefault\u00bb global_colors_info=\u00bb{}\u00bb][\/et_pb_image][\/et_pb_column][\/et_pb_row][et_pb_row _builder_version=\u00bb4.22.1&#8243; _module_preset=\u00bbdefault\u00bb global_colors_info=\u00bb{}\u00bb][et_pb_column type=\u00bb4_4&#8243; _builder_version=\u00bb4.22.1&#8243; _module_preset=\u00bbdefault\u00bb global_colors_info=\u00bb{}\u00bb][ba_post_list include_categories=\u00bbcurrent\u00bb posts_number=\u00bb4&#8243; show_excerpt=\u00bboff\u00bb _builder_version=\u00bb4.22.2&#8243; _module_preset=\u00bbdefault\u00bb global_colors_info=\u00bb{}\u00bb][\/ba_post_list][\/et_pb_column][\/et_pb_row][et_pb_row _builder_version=\u00bb4.22.1&#8243; _module_preset=\u00bbdefault\u00bb global_colors_info=\u00bb{}\u00bb][et_pb_column type=\u00bb4_4&#8243; _builder_version=\u00bb4.22.1&#8243; _module_preset=\u00bbdefault\u00bb global_colors_info=\u00bb{}\u00bb][et_pb_post_slider include_categories=\u00bball\u00bb _builder_version=\u00bb4.22.1&#8243; _module_preset=\u00bbdefault\u00bb global_colors_info=\u00bb{}\u00bb][\/et_pb_post_slider][et_pb_blog fullwidth=\u00bboff\u00bb _builder_version=\u00bb4.22.1&#8243; _module_preset=\u00bbdefault\u00bb global_colors_info=\u00bb{}\u00bb][\/et_pb_blog][\/et_pb_column][\/et_pb_row][\/et_pb_section][et_pb_section fb_built=\u00bb1&#8243; admin_label=\u00bbCall to Action\u00bb _builder_version=\u00bb4.19.2&#8243; _module_preset=\u00bbdefault\u00bb width=\u00bb90%\u00bb module_alignment=\u00bbright\u00bb overflow-x=\u00bbhidden\u00bb overflow-y=\u00bbhidden\u00bb custom_padding=\u00bb4vw||0px||false|false\u00bb saved_tabs=\u00bball\u00bb collapsed=\u00bbon\u00bb global_colors_info=\u00bb{}\u00bb][et_pb_row make_equal=\u00bbon\u00bb custom_padding_last_edited=\u00bbon|tablet\u00bb _builder_version=\u00bb4.22.1&#8243; _module_preset=\u00bbdefault\u00bb background_color=\u00bb#4c4668&#8243; use_background_color_gradient=\u00bbon\u00bb background_color_gradient_stops=\u00bb#4c4668 11%|rgba(196,126,214,0.4) 61%|rgba(186,253,153,0) 100%\u00bb background_color_gradient_overlays_image=\u00bbon\u00bb background_image=\u00bbhttps:\/\/elidasandoval.com\/wp-content\/uploads\/2023\/08\/Edit-cabecera01.jpg\u00bb overflow-x=\u00bbvisible\u00bb overflow-y=\u00bbvisible\u00bb custom_padding=\u00bb||0vw|80px|false|false\u00bb custom_padding_tablet=\u00bb\u00bb custom_padding_phone=\u00bb\u00bb border_radii=\u00bboff|600px|600px|300px|30px\u00bb global_colors_info=\u00bb{}\u00bb][et_pb_column type=\u00bb4_4&#8243; _builder_version=\u00bb4.19.2&#8243; _module_preset=\u00bbdefault\u00bb z_index=\u00bb10&#8243; custom_padding_last_edited=\u00bboff|desktop\u00bb global_colors_info=\u00bb{}\u00bb][et_pb_divider show_divider=\u00bboff\u00bb _builder_version=\u00bb4.22.1&#8243; _module_preset=\u00bbdefault\u00bb background_image=\u00bbhttps:\/\/elidasandoval.com\/wp-content\/uploads\/2023\/08\/elidasimbolo.png\u00bb transform_scale_tablet=\u00bb\u00bb transform_scale_phone=\u00bb\u00bb transform_scale_last_edited=\u00bbon|desktop\u00bb transform_translate_tablet=\u00bb0px|-30%\u00bb transform_translate_phone=\u00bb\u00bb transform_translate_last_edited=\u00bbon|desktop\u00bb transform_translate_linked_tablet=\u00bboff\u00bb transform_rotate_tablet=\u00bb\u00bb transform_rotate_phone=\u00bb\u00bb transform_rotate_last_edited=\u00bbon|desktop\u00bb transform_skew_tablet=\u00bb\u00bb transform_skew_phone=\u00bb\u00bb transform_skew_last_edited=\u00bbon|desktop\u00bb transform_origin_tablet=\u00bb\u00bb transform_origin_phone=\u00bb\u00bb transform_origin_last_edited=\u00bbon|desktop\u00bb transform_styles_last_edited=\u00bbon|desktop\u00bb width=\u00bb140px\u00bb width_tablet=\u00bb12vw\u00bb width_phone=\u00bb12vw\u00bb width_last_edited=\u00bbon|tablet\u00bb height=\u00bb230px\u00bb height_tablet=\u00bb22vw\u00bb height_phone=\u00bb22vw\u00bb height_last_edited=\u00bbon|tablet\u00bb custom_margin=\u00bb||60px||false|false\u00bb mix_blend_mode=\u00bbmultiply\u00bb transform_styles_tablet=\u00bb\u00bb transform_styles_phone=\u00bb\u00bb border_radii=\u00bboff||||\u00bb box_shadow_style=\u00bbpreset4&#8243; box_shadow_horizontal=\u00bb0px\u00bb box_shadow_vertical=\u00bb60px\u00bb box_shadow_blur=\u00bb80px\u00bb box_shadow_color=\u00bbrgba(253,150,97,0)\u00bb locked=\u00bboff\u00bb global_colors_info=\u00bb{}\u00bb][\/et_pb_divider][et_pb_image title_text=\u00bbES-M2&#8243; admin_label=\u00bbImage\u00bb _builder_version=\u00bb4.22.1&#8243; _module_preset=\u00bbdefault\u00bb positioning=\u00bbabsolute\u00bb position_origin_a=\u00bbtop_right\u00bb position_origin_a_tablet=\u00bb\u00bb position_origin_a_phone=\u00bb\u00bb position_origin_a_last_edited=\u00bbon|desktop\u00bb position_origin_f_tablet=\u00bb\u00bb position_origin_f_phone=\u00bb\u00bb position_origin_f_last_edited=\u00bbon|desktop\u00bb position_origin_r_tablet=\u00bb\u00bb position_origin_r_phone=\u00bb\u00bb position_origin_r_last_edited=\u00bbon|desktop\u00bb custom_margin=\u00bb-10%|-20%|||false|false\u00bb custom_margin_tablet=\u00bb-40%|0%|-40%||true|false\u00bb custom_margin_phone=\u00bb\u00bb custom_margin_last_edited=\u00bbon|phone\u00bb positioning_tablet=\u00bbrelative\u00bb positioning_phone=\u00bb\u00bb positioning_last_edited=\u00bbon|tablet\u00bb locked=\u00bboff\u00bb global_colors_info=\u00bb{}\u00bb][\/et_pb_image][et_pb_text _builder_version=\u00bb4.22.2&#8243; _module_preset=\u00bbb1e40311-a825-4696-a339-b7b5b3ffc7e4&#8243; header_font=\u00bbUnna||||||||\u00bb header_2_font=\u00bbUnna|600|||||||\u00bb header_2_text_color=\u00bb#ffffff\u00bb header_2_font_size=\u00bb58px\u00bb header_2_letter_spacing=\u00bb0em\u00bb custom_margin=\u00bb||0px||false|false\u00bb custom_margin_tablet=\u00bb||0px||false|false\u00bb custom_margin_phone=\u00bb100px||0px|-73px|false|false\u00bb custom_margin_last_edited=\u00bbon|phone\u00bb global_colors_info=\u00bb{}\u00bb]<\/p>\n<h2 style=\"text-align: center;\">Ellos decidieron reescribir su historia<\/h2>\n<p>[\/et_pb_text][et_pb_gallery gallery_ids=\u00bb514,515,518,561,516,517,656,657,658,659,660&#8243; posts_number=\u00bb3&#8243; orientation=\u00bbportrait\u00bb show_title_and_caption=\u00bboff\u00bb _builder_version=\u00bb4.22.2&#8243; _module_preset=\u00bbdefault\u00bb pagination_text_color=\u00bb#000000&#8243; custom_padding=\u00bb33px|54px||||\u00bb global_colors_info=\u00bb{}\u00bb][\/et_pb_gallery][et_pb_image src=\u00bbhttps:\/\/elidasandoval.com\/wp-content\/uploads\/2023\/08\/pngegg-12.png\u00bb title_text=\u00bbpngegg (12)\u00bb _builder_version=\u00bb4.22.1&#8243; _module_preset=\u00bbdefault\u00bb width=\u00bb60%\u00bb custom_margin=\u00bb|||-15%|false|false\u00bb scroll_vertical_motion_enable=\u00bbon\u00bb global_colors_info=\u00bb{}\u00bb][\/et_pb_image][\/et_pb_column][\/et_pb_row][et_pb_row column_structure=\u00bb2_5,3_5&#8243; _builder_version=\u00bb4.19.2&#8243; _module_preset=\u00bbdefault\u00bb min_height=\u00bb737.8px\u00bb custom_margin=\u00bb-220px|auto||auto||\u00bb custom_padding=\u00bb||0px|||\u00bb global_colors_info=\u00bb{}\u00bb][et_pb_column type=\u00bb2_5&#8243; _builder_version=\u00bb4.19.2&#8243; _module_preset=\u00bbdefault\u00bb transform_scale_tablet=\u00bb\u00bb transform_scale_phone=\u00bb\u00bb transform_scale_last_edited=\u00bbon|tablet\u00bb transform_translate_linked_tablet=\u00bboff\u00bb transform_rotate_tablet=\u00bb\u00bb transform_rotate_phone=\u00bb\u00bb transform_rotate_last_edited=\u00bbon|tablet\u00bb transform_skew_tablet=\u00bb\u00bb transform_skew_phone=\u00bb\u00bb transform_skew_last_edited=\u00bbon|tablet\u00bb transform_origin_tablet=\u00bb\u00bb transform_origin_phone=\u00bb\u00bb transform_origin_last_edited=\u00bbon|tablet\u00bb custom_padding=\u00bb14%||||false|false\u00bb custom_padding_tablet=\u00bb0%|30px|||false|false\u00bb custom_padding_phone=\u00bb\u00bb custom_padding_last_edited=\u00bbon|tablet\u00bb global_colors_info=\u00bb{}\u00bb][et_pb_text _builder_version=\u00bb4.22.2&#8243; _module_preset=\u00bbb1e40311-a825-4696-a339-b7b5b3ffc7e4&#8243; header_2_font=\u00bbArchivo|600|||||||\u00bb header_2_font_size=\u00bb39px\u00bb custom_margin=\u00bb||0px||false|false\u00bb global_colors_info=\u00bb{}\u00bb]<\/p>\n<h2>Te invito a inspirarte<\/h2>\n<p>[\/et_pb_text][et_pb_text _builder_version=\u00bb4.22.2&#8243; _module_preset=\u00bbfed4268a-51fb-4571-91ad-5a4cac489bc1&#8243; header_4_text_color=\u00bbgcid-1073567f-78d9-4845-ad61-65129b5d8918&#8243; global_colors_info=\u00bb{%22gcid-1073567f-78d9-4845-ad61-65129b5d8918%22:%91%22header_4_text_color%22%93}\u00bb]<\/p>\n<h4>a trav\u00e9s de las vivencias del grupo <em>Abraza mi mundo interior.<\/em><\/h4>\n<p>[\/et_pb_text][\/et_pb_column][et_pb_column type=\u00bb3_5&#8243; _builder_version=\u00bb4.19.2&#8243; _module_preset=\u00bbdefault\u00bb background_color=\u00bb#000000&#8243; vertical_offset=\u00bb-12vw\u00bb vertical_offset_tablet=\u00bb0vw\u00bb vertical_offset_phone=\u00bb\u00bb vertical_offset_last_edited=\u00bbon|tablet\u00bb overflow-x=\u00bbvisible\u00bb overflow-y=\u00bbvisible\u00bb custom_padding=\u00bb80px||80px|80px|true|false\u00bb border_radii=\u00bboff|16vw|3vw|3vw|3vw\u00bb box_shadow_style=\u00bbpreset4&#8243; box_shadow_horizontal=\u00bb10vw\u00bb box_shadow_vertical=\u00bb0px\u00bb box_shadow_color=\u00bb#000000&#8243; global_colors_info=\u00bb{}\u00bb][et_pb_image src=\u00bbhttps:\/\/elidasandoval.com\/wp-content\/uploads\/2023\/08\/saas-19.png\u00bb title_text=\u00bbsaas-19&#8243; _builder_version=\u00bb4.19.2&#8243; _module_preset=\u00bbdefault\u00bb custom_margin=\u00bb|-7vw|||false|false\u00bb custom_margin_tablet=\u00bb|0vw|||false|false\u00bb custom_margin_phone=\u00bb\u00bb custom_margin_last_edited=\u00bbon|tablet\u00bb custom_padding=\u00bb||0px|||\u00bb filter_opacity=\u00bb50%\u00bb global_colors_info=\u00bb{}\u00bb][\/et_pb_image][\/et_pb_column][\/et_pb_row][et_pb_row column_structure=\u00bb1_2,1_2&#8243; _builder_version=\u00bb4.22.2&#8243; _module_preset=\u00bbdefault\u00bb custom_margin=\u00bb-100px|auto||auto||\u00bb custom_padding=\u00bb||0px|||\u00bb global_colors_info=\u00bb{}\u00bb][et_pb_column type=\u00bb1_2&#8243; _builder_version=\u00bb4.22.2&#8243; _module_preset=\u00bbdefault\u00bb global_colors_info=\u00bb{}\u00bb][\/et_pb_column][et_pb_column type=\u00bb1_2&#8243; _builder_version=\u00bb4.22.2&#8243; _module_preset=\u00bbdefault\u00bb global_colors_info=\u00bb{}\u00bb][et_pb_image src=\u00bbhttps:\/\/elidasandoval.com\/wp-content\/uploads\/2023\/10\/IMG_20231008_174557_776-removebg-preview.png\u00bb title_text=\u00bbIMG_20231008_174557_776-removebg-preview\u00bb _builder_version=\u00bb4.22.2&#8243; _module_preset=\u00bbdefault\u00bb custom_margin=\u00bb-908px||-23px|||\u00bb custom_margin_tablet=\u00bb-908px||-23px|||\u00bb custom_margin_phone=\u00bb-614px||||false|false\u00bb custom_margin_last_edited=\u00bbon|phone\u00bb custom_padding=\u00bb131px|||||\u00bb global_colors_info=\u00bb{}\u00bb][\/et_pb_image][\/et_pb_column][\/et_pb_row][\/et_pb_section][et_pb_section fb_built=\u00bb1&#8243; admin_label=\u00bbTestimonials\u00bb _builder_version=\u00bb4.18.1&#8243; _module_preset=\u00bbdefault\u00bb saved_tabs=\u00bball\u00bb locked=\u00bboff\u00bb collapsed=\u00bbon\u00bb global_colors_info=\u00bb{}\u00bb][et_pb_row _builder_version=\u00bb4.22.2&#8243; _module_preset=\u00bbdefault\u00bb global_colors_info=\u00bb{}\u00bb][et_pb_column type=\u00bb4_4&#8243; _builder_version=\u00bb4.22.2&#8243; _module_preset=\u00bbdefault\u00bb global_colors_info=\u00bb{}\u00bb][et_pb_testimonial author=\u00bbLivia\u00bb portrait_url=\u00bbhttps:\/\/elidasandoval.com\/wp-content\/uploads\/2023\/10\/Livia-1.jpg\u00bb _builder_version=\u00bb4.22.2&#8243; _module_preset=\u00bbdefault\u00bb body_font=\u00bbUnna||on||||||\u00bb body_font_size=\u00bb19px\u00bb global_colors_info=\u00bb{}\u00bb]<\/p>\n<p>El grupo se ha convertido para m\u00ed en mi familia, es un grupo en donde la seguridad y confianza hace que la mejor versi\u00f3n de m\u00ed avance mes a mes.<\/p>\n<p>[\/et_pb_testimonial][et_pb_testimonial author=\u00bbDubraska\u00bb portrait_url=\u00bbhttps:\/\/elidasandoval.com\/wp-content\/uploads\/2023\/10\/Dubraska-jpg.webp\u00bb _builder_version=\u00bb4.22.2&#8243; _module_preset=\u00bbdefault\u00bb body_font=\u00bbUnna||on||||||\u00bb body_font_size=\u00bb19px\u00bb global_colors_info=\u00bb{}\u00bb]<\/p>\n<p>Ser parte de este grupo ampli\u00f3 me perspectiva de respeto y comprensi\u00f3n hacia la visi\u00f3n particular de otros. Logr\u00e9 reenfocarme en mi esencia con mayor autovaloraci\u00f3n como ser humano permiti\u00e9ndome ser feliz.<\/p>\n<p>[\/et_pb_testimonial][et_pb_testimonial author=\u00bbFlor\u00bb portrait_url=\u00bbhttps:\/\/elidasandoval.com\/wp-content\/uploads\/2023\/10\/IMG-20221027-WA0110-1-1-jpg.webp\u00bb _builder_version=\u00bb4.22.2&#8243; _module_preset=\u00bbdefault\u00bb body_font=\u00bbUnna||on||||||\u00bb body_font_size=\u00bb19px\u00bb global_colors_info=\u00bb{}\u00bb]<\/p>\n<p>En el grupo me siento especial, no tengo que fingir, me animo a ser quien realmente soy. Me siento valorada y me vinculo desde lo real y lo genuino. En el grupo no me piden nada y me dan mucho. Mi voz es escuchada. Crezco y dejo crecer. Me convierto en luz tiempo y admiraci\u00f3n.<\/p>\n<p>[\/et_pb_testimonial][et_pb_testimonial author=\u00bbYicsell\u00bb portrait_url=\u00bbhttps:\/\/elidasandoval.com\/wp-content\/uploads\/2023\/10\/Yicsell-jpg.webp\u00bb _builder_version=\u00bb4.22.2&#8243; _module_preset=\u00bbdefault\u00bb body_font=\u00bbUnna||on||||||\u00bb body_font_size=\u00bb19px\u00bb global_colors_info=\u00bb{}\u00bb]<\/p>\n<p>El grupo me ha permitido conectar y encontrarme consigo misma. Cada libro le\u00eddo es un aprendizaje continuo que me permite revisarme y escuchar mi voz interior.<\/p>\n<p>[\/et_pb_testimonial][et_pb_testimonial author=\u00bbAlejandra\u00bb portrait_url=\u00bbhttps:\/\/elidasandoval.com\/wp-content\/uploads\/2023\/10\/alejandra-jpg.webp\u00bb _builder_version=\u00bb4.22.2&#8243; _module_preset=\u00bbdefault\u00bb body_font=\u00bbUnna||on||||||\u00bb body_font_size=\u00bb19px\u00bb global_colors_info=\u00bb{}\u00bb]<\/p>\n<p>El grupo lleg\u00f3 a mi vida en el momento perfecto, conoc\u00ed a personas maravillosas que me hicieron ver la vida de manera diferente.<\/p>\n<p>[\/et_pb_testimonial][\/et_pb_column][\/et_pb_row][\/et_pb_section]<\/p>\n","protected":false},"excerpt":{"rendered":"<p>Reescribir tu historia es posibleEste espacio est\u00e1 destinado a brindarte recursos que puedes usar como gu\u00eda en tu proceso de crecimiento; no existen recetas m\u00e1gicas ni f\u00f3rmulas infalibles, pero hay herramientas que han usado otros y les han funcionado. Que tal si les das un vistazo y pruebas a ver si se adaptan a ti. [&hellip;]<\/p>\n","protected":false},"author":1,"featured_media":0,"parent":0,"menu_order":0,"comment_status":"closed","ping_status":"closed","template":"","meta":{"_et_pb_use_builder":"on","_et_pb_old_content":"","_et_gb_content_width":"","_joinchat":[],"footnotes":""},"class_list":["post-210","page","type-page","status-publish","hentry"],"yoast_head":"<!-- This site is optimized with the Yoast SEO plugin v27.2 - https:\/\/yoast.com\/product\/yoast-seo-wordpress\/ -->\n<title>Escritura terap\u00e9utica | escritora | blog de Elida Sandoval<\/title>\n<meta name=\"description\" content=\"Mejora Tu Bienestar con la Escritura Terap\u00e9utica. Te acompa\u00f1o para desarrollar tu libro de no ficci\u00f3n y te asesoro\" \/>\n<meta name=\"robots\" content=\"index, follow, max-snippet:-1, max-image-preview:large, max-video-preview:-1\" \/>\n<link rel=\"canonical\" href=\"https:\/\/elidasandoval.com\/index.php\/escritura-terapeutica\/\" \/>\n<meta property=\"og:locale\" content=\"es_ES\" \/>\n<meta property=\"og:type\" content=\"article\" \/>\n<meta property=\"og:title\" content=\"Escritura terap\u00e9utica | escritora | blog de Elida Sandoval\" \/>\n<meta property=\"og:description\" content=\"Mejora Tu Bienestar con la Escritura Terap\u00e9utica. Te acompa\u00f1o para desarrollar tu libro de no ficci\u00f3n y te asesoro\" \/>\n<meta property=\"og:url\" content=\"https:\/\/elidasandoval.com\/index.php\/escritura-terapeutica\/\" \/>\n<meta property=\"og:site_name\" content=\"Elida Sandoval\" \/>\n<meta property=\"article:modified_time\" content=\"2023-10-20T15:52:29+00:00\" \/>\n<meta name=\"twitter:card\" content=\"summary_large_image\" \/>\n<meta name=\"twitter:label1\" content=\"Tiempo de lectura\" \/>\n\t<meta name=\"twitter:data1\" content=\"3 minutos\" \/>\n<script type=\"application\/ld+json\" class=\"yoast-schema-graph\">{\"@context\":\"https:\/\/schema.org\",\"@graph\":[{\"@type\":\"WebPage\",\"@id\":\"https:\/\/elidasandoval.com\/index.php\/escritura-terapeutica\/\",\"url\":\"https:\/\/elidasandoval.com\/index.php\/escritura-terapeutica\/\",\"name\":\"Escritura terap\u00e9utica | escritora | blog de Elida Sandoval\",\"isPartOf\":{\"@id\":\"https:\/\/elidasandoval.com\/#website\"},\"datePublished\":\"2023-09-07T02:45:27+00:00\",\"dateModified\":\"2023-10-20T15:52:29+00:00\",\"description\":\"Mejora Tu Bienestar con la Escritura Terap\u00e9utica. Te acompa\u00f1o para desarrollar tu libro de no ficci\u00f3n y te asesoro\",\"breadcrumb\":{\"@id\":\"https:\/\/elidasandoval.com\/index.php\/escritura-terapeutica\/#breadcrumb\"},\"inLanguage\":\"es\",\"potentialAction\":[{\"@type\":\"ReadAction\",\"target\":[\"https:\/\/elidasandoval.com\/index.php\/escritura-terapeutica\/\"]}]},{\"@type\":\"BreadcrumbList\",\"@id\":\"https:\/\/elidasandoval.com\/index.php\/escritura-terapeutica\/#breadcrumb\",\"itemListElement\":[{\"@type\":\"ListItem\",\"position\":1,\"name\":\"Portada\",\"item\":\"https:\/\/elidasandoval.com\/\"},{\"@type\":\"ListItem\",\"position\":2,\"name\":\"Blog de Elida\"}]},{\"@type\":\"WebSite\",\"@id\":\"https:\/\/elidasandoval.com\/#website\",\"url\":\"https:\/\/elidasandoval.com\/\",\"name\":\"Elida Sandoval\",\"description\":\"Si eres un profesional y emprendedor del \u00e1rea del bienestar un libro es tu mejor carta de presentaci\u00f3n y la auto publicaci\u00f3n es la opci\u00f3n indicada.\",\"potentialAction\":[{\"@type\":\"SearchAction\",\"target\":{\"@type\":\"EntryPoint\",\"urlTemplate\":\"https:\/\/elidasandoval.com\/?s={search_term_string}\"},\"query-input\":{\"@type\":\"PropertyValueSpecification\",\"valueRequired\":true,\"valueName\":\"search_term_string\"}}],\"inLanguage\":\"es\"}]}<\/script>\n<!-- \/ Yoast SEO plugin. -->","yoast_head_json":{"title":"Escritura terap\u00e9utica | escritora | blog de Elida Sandoval","description":"Mejora Tu Bienestar con la Escritura Terap\u00e9utica. Te acompa\u00f1o para desarrollar tu libro de no ficci\u00f3n y te asesoro","robots":{"index":"index","follow":"follow","max-snippet":"max-snippet:-1","max-image-preview":"max-image-preview:large","max-video-preview":"max-video-preview:-1"},"canonical":"https:\/\/elidasandoval.com\/index.php\/escritura-terapeutica\/","og_locale":"es_ES","og_type":"article","og_title":"Escritura terap\u00e9utica | escritora | blog de Elida Sandoval","og_description":"Mejora Tu Bienestar con la Escritura Terap\u00e9utica. Te acompa\u00f1o para desarrollar tu libro de no ficci\u00f3n y te asesoro","og_url":"https:\/\/elidasandoval.com\/index.php\/escritura-terapeutica\/","og_site_name":"Elida Sandoval","article_modified_time":"2023-10-20T15:52:29+00:00","twitter_card":"summary_large_image","twitter_misc":{"Tiempo de lectura":"3 minutos"},"schema":{"@context":"https:\/\/schema.org","@graph":[{"@type":"WebPage","@id":"https:\/\/elidasandoval.com\/index.php\/escritura-terapeutica\/","url":"https:\/\/elidasandoval.com\/index.php\/escritura-terapeutica\/","name":"Escritura terap\u00e9utica | escritora | blog de Elida Sandoval","isPartOf":{"@id":"https:\/\/elidasandoval.com\/#website"},"datePublished":"2023-09-07T02:45:27+00:00","dateModified":"2023-10-20T15:52:29+00:00","description":"Mejora Tu Bienestar con la Escritura Terap\u00e9utica. Te acompa\u00f1o para desarrollar tu libro de no ficci\u00f3n y te asesoro","breadcrumb":{"@id":"https:\/\/elidasandoval.com\/index.php\/escritura-terapeutica\/#breadcrumb"},"inLanguage":"es","potentialAction":[{"@type":"ReadAction","target":["https:\/\/elidasandoval.com\/index.php\/escritura-terapeutica\/"]}]},{"@type":"BreadcrumbList","@id":"https:\/\/elidasandoval.com\/index.php\/escritura-terapeutica\/#breadcrumb","itemListElement":[{"@type":"ListItem","position":1,"name":"Portada","item":"https:\/\/elidasandoval.com\/"},{"@type":"ListItem","position":2,"name":"Blog de Elida"}]},{"@type":"WebSite","@id":"https:\/\/elidasandoval.com\/#website","url":"https:\/\/elidasandoval.com\/","name":"Elida Sandoval","description":"Si eres un profesional y emprendedor del \u00e1rea del bienestar un libro es tu mejor carta de presentaci\u00f3n y la auto publicaci\u00f3n es la opci\u00f3n indicada.","potentialAction":[{"@type":"SearchAction","target":{"@type":"EntryPoint","urlTemplate":"https:\/\/elidasandoval.com\/?s={search_term_string}"},"query-input":{"@type":"PropertyValueSpecification","valueRequired":true,"valueName":"search_term_string"}}],"inLanguage":"es"}]}},"jetpack_sharing_enabled":true,"_links":{"self":[{"href":"https:\/\/elidasandoval.com\/index.php\/wp-json\/wp\/v2\/pages\/210","targetHints":{"allow":["GET"]}}],"collection":[{"href":"https:\/\/elidasandoval.com\/index.php\/wp-json\/wp\/v2\/pages"}],"about":[{"href":"https:\/\/elidasandoval.com\/index.php\/wp-json\/wp\/v2\/types\/page"}],"author":[{"embeddable":true,"href":"https:\/\/elidasandoval.com\/index.php\/wp-json\/wp\/v2\/users\/1"}],"replies":[{"embeddable":true,"href":"https:\/\/elidasandoval.com\/index.php\/wp-json\/wp\/v2\/comments?post=210"}],"version-history":[{"count":58,"href":"https:\/\/elidasandoval.com\/index.php\/wp-json\/wp\/v2\/pages\/210\/revisions"}],"predecessor-version":[{"id":676,"href":"https:\/\/elidasandoval.com\/index.php\/wp-json\/wp\/v2\/pages\/210\/revisions\/676"}],"wp:attachment":[{"href":"https:\/\/elidasandoval.com\/index.php\/wp-json\/wp\/v2\/media?parent=210"}],"curies":[{"name":"wp","href":"https:\/\/api.w.org\/{rel}","templated":true}]}}